{"id":1702,"date":"2016-01-07T21:10:27","date_gmt":"2016-01-07T20:10:27","guid":{"rendered":"http:\/\/www.gestuet-nymphenburg.de\/?page_id=1702"},"modified":"2021-11-12T11:43:57","modified_gmt":"2021-11-12T10:43:57","slug":"partner","status":"publish","type":"page","link":"http:\/\/www.gestuet-nymphenburg.de\/en\/partner\/","title":{"rendered":"Partner"},"content":{"rendered":"<section class=\"l-section wpb_row height_medium\"><div class=\"l-section-h i-cf\"><div class=\"g-cols via_grid cols_1-3 laptops-cols_inherit tablets-cols_inherit mobiles-cols_1 valign_top type_default\"><div class=\"wpb_column vc_column_container partnerstidecol\"><div class=\"vc_column-inner\"><h2 class=\"w-text us_custom_f38b17b2 has_text_color\"><span class=\"w-text-h\"><span class=\"w-text-value\">PARTNER<\/span><\/span><\/h2><\/div><\/div><div class=\"wpb_column vc_column_container partnerrightside\"><div class=\"vc_column-inner\"><div class=\"w-text\"><span class=\"w-text-h\"><span class=\"w-text-value\">Nieders\u00e4chsisches Landgest\u00fct Celle<\/span><\/span><\/div><div class=\"wpb_text_column\"><div class=\"wpb_wrapper\"><p>Sp\u00f6rckenstra\u00dfe 10<br \/>\nD \u2013 29221 Celle<br \/>\nTel: +49 5141 92940<br \/>\nFax: +49 5141 929431<br \/>\n<a href=\"mailto:poststelle@lgst-celle.niedersachsen.de\">poststelle@lgst-celle.niedersachsen.de<\/a><br \/>\n<a href=\"http:\/\/www.landgestuetcelle.de\/\">www.landgestuetcelle.de<\/a><br \/>\nLeitung: Dr. Axel Brockmann<\/p>\n<\/div><\/div><div class=\"w-text\"><span class=\"w-text-h\"><span class=\"w-text-value\">Dressurpferde Leistungszentrum Lodbergen GmbH<\/span><\/span><\/div><div class=\"wpb_text_column\"><div class=\"wpb_wrapper\"><p>Zum J\u00e4gereck 2<br \/>\nD-49624 L\u00f6ningen\/Lodbergen<br \/>\nTelefon: +49 5432 2182<br \/>\nTelefax: +49 5432 904456<br \/>\n<a href=\"mailto:info@dressurleistungszentrum.de\">info@dressurleistungszentrum.de<\/a><br \/>\n<a href=\"http:\/\/www.dressurleistungszentrum.de\/\">www.dressurleistungszentrum.de<\/a><br \/>\nLeitung: Urs Schweizer<\/p>\n<\/div><\/div><div class=\"wpb_text_column\"><div class=\"wpb_wrapper\"><div class=\"wpb_text_column \">\n<div class=\"wpb_wrapper\">\n<h5>Unser Sattelpartner. Einfach phantastische S\u00e4ttel in super Qualit\u00e4t.<\/h5>\n<\/div>\n<\/div>\n<div class=\"wpb_single_image wpb_content_element\"><\/div>\n<\/div><\/div><div class=\"w-image align_none\"><div class=\"w-image-h\"><img width=\"237\" height=\"70\" src=\"http:\/\/www.gestuet-nymphenburg.de\/wp-content\/uploads\/2015\/03\/logo.jpg\" class=\"attachment-large size-large\" alt=\"\" loading=\"lazy\" \/><\/div><\/div><div class=\"wpb_text_column\"><div class=\"wpb_wrapper\"><div class=\"wpb_text_column \">\n<div class=\"wpb_wrapper\">\n<h5>Unser Handschuhpartner. Einfach phantastische Handschuhe in super Qualit\u00e4t.<\/h5>\n<\/div>\n<\/div>\n<\/div><\/div><div class=\"w-image align_none\"><div class=\"w-image-h\"><img width=\"1140\" height=\"244\" src=\"http:\/\/www.gestuet-nymphenburg.de\/wp-content\/uploads\/2015\/03\/Roeckl-Sports-Logo_ohne-HG_cmyc.jpg\" class=\"attachment-large size-large\" alt=\"\" loading=\"lazy\" srcset=\"http:\/\/www.gestuet-nymphenburg.de\/wp-content\/uploads\/2015\/03\/Roeckl-Sports-Logo_ohne-HG_cmyc.jpg 2724w, http:\/\/www.gestuet-nymphenburg.de\/wp-content\/uploads\/2015\/03\/Roeckl-Sports-Logo_ohne-HG_cmyc-900x193.jpg 900w, http:\/\/www.gestuet-nymphenburg.de\/wp-content\/uploads\/2015\/03\/Roeckl-Sports-Logo_ohne-HG_cmyc-768x164.jpg 768w, http:\/\/www.gestuet-nymphenburg.de\/wp-content\/uploads\/2015\/03\/Roeckl-Sports-Logo_ohne-HG_cmyc-600x128.jpg 600w\" sizes=\"(max-width: 1140px) 100vw, 1140px\" \/><\/div><\/div><\/div><\/div><\/div><\/div><\/section>\n","protected":false},"excerpt":{"rendered":"PARTNERNieders\u00e4chsisches Landgest\u00fct CelleSp\u00f6rckenstra\u00dfe 10 D \u2013 29221 Celle Tel: +49 5141 92940 Fax: +49 5141 929431 poststelle@lgst-celle.niedersachsen.de www.landgestuetcelle.de Leitung: Dr. Axel Brockmann Dressurpferde Leistungszentrum Lodbergen GmbHZum J\u00e4gereck 2 D-49624 L\u00f6ningen\/Lodbergen Telefon: +49 5432 2182 Telefax: +49 5432 904456 info@dressurleistungszentrum.de www.dressurleistungszentrum.de Leitung: Urs Schweizer Unser Sattelpartner. Einfach phantastische S\u00e4ttel in super Qualit\u00e4t. Unser Handschuhpartner. Einfach phantastische...","protected":false},"author":5,"featured_media":0,"parent":0,"menu_order":0,"comment_status":"closed","ping_status":"closed","template":"","meta":[],"yoast_head":"<!-- This site is optimized with the Yoast SEO plugin v18.3 - https:\/\/yoast.com\/wordpress\/plugins\/seo\/ -->\n<title>Partner - Gest\u00fct Nymphenburg<\/title>\n<meta name=\"robots\" content=\"index, follow, max-snippet:-1, max-image-preview:large, max-video-preview:-1\" \/>\n<link rel=\"canonical\" href=\"http:\/\/www.gestuet-nymphenburg.de\/en\/partner\/\" \/>\n<meta property=\"og:locale\" content=\"en_US\" \/>\n<meta property=\"og:type\" content=\"article\" \/>\n<meta property=\"og:title\" content=\"Partner - Gest\u00fct Nymphenburg\" \/>\n<meta property=\"og:url\" content=\"http:\/\/www.gestuet-nymphenburg.de\/en\/partner\/\" \/>\n<meta property=\"og:site_name\" content=\"Gest\u00fct Nymphenburg\" \/>\n<meta property=\"article:modified_time\" content=\"2021-11-12T10:43:57+00:00\" \/>\n<meta name=\"twitter:card\" content=\"summary\" \/>\n<meta name=\"twitter:label1\" content=\"Est. reading time\" \/>\n\t<meta name=\"twitter:data1\" content=\"1 minute\" \/>\n<script type=\"application\/ld+json\" class=\"yoast-schema-graph\">{\"@context\":\"https:\/\/schema.org\",\"@graph\":[{\"@type\":\"WebSite\",\"@id\":\"http:\/\/www.gestuet-nymphenburg.de\/#website\",\"url\":\"http:\/\/www.gestuet-nymphenburg.de\/\",\"name\":\"Gest\u00fct Nymphenburg\",\"description\":\"Informationen rund um das Gest\u00fct, die Pferde und das Team!\",\"potentialAction\":[{\"@type\":\"SearchAction\",\"target\":{\"@type\":\"EntryPoint\",\"urlTemplate\":\"http:\/\/www.gestuet-nymphenburg.de\/?s={search_term_string}\"},\"query-input\":\"required name=search_term_string\"}],\"inLanguage\":\"en-US\"},{\"@type\":\"WebPage\",\"@id\":\"http:\/\/www.gestuet-nymphenburg.de\/en\/partner\/#webpage\",\"url\":\"http:\/\/www.gestuet-nymphenburg.de\/en\/partner\/\",\"name\":\"Partner - Gest\u00fct Nymphenburg\",\"isPartOf\":{\"@id\":\"http:\/\/www.gestuet-nymphenburg.de\/#website\"},\"datePublished\":\"2016-01-07T20:10:27+00:00\",\"dateModified\":\"2021-11-12T10:43:57+00:00\",\"breadcrumb\":{\"@id\":\"http:\/\/www.gestuet-nymphenburg.de\/en\/partner\/#breadcrumb\"},\"inLanguage\":\"en-US\",\"potentialAction\":[{\"@type\":\"ReadAction\",\"target\":[\"http:\/\/www.gestuet-nymphenburg.de\/en\/partner\/\"]}]},{\"@type\":\"BreadcrumbList\",\"@id\":\"http:\/\/www.gestuet-nymphenburg.de\/en\/partner\/#breadcrumb\",\"itemListElement\":[{\"@type\":\"ListItem\",\"position\":1,\"name\":\"Home\",\"item\":\"http:\/\/www.gestuet-nymphenburg.de\/en\/\"},{\"@type\":\"ListItem\",\"position\":2,\"name\":\"Partner\"}]}]}<\/script>\n<!-- \/ Yoast SEO plugin. -->","yoast_head_json":{"title":"Partner - Gest\u00fct Nymphenburg","robots":{"index":"index","follow":"follow","max-snippet":"max-snippet:-1","max-image-preview":"max-image-preview:large","max-video-preview":"max-video-preview:-1"},"canonical":"http:\/\/www.gestuet-nymphenburg.de\/en\/partner\/","og_locale":"en_US","og_type":"article","og_title":"Partner - Gest\u00fct Nymphenburg","og_url":"http:\/\/www.gestuet-nymphenburg.de\/en\/partner\/","og_site_name":"Gest\u00fct Nymphenburg","article_modified_time":"2021-11-12T10:43:57+00:00","twitter_card":"summary","twitter_misc":{"Est. reading time":"1 minute"},"schema":{"@context":"https:\/\/schema.org","@graph":[{"@type":"WebSite","@id":"http:\/\/www.gestuet-nymphenburg.de\/#website","url":"http:\/\/www.gestuet-nymphenburg.de\/","name":"Gest\u00fct Nymphenburg","description":"Informationen rund um das Gest\u00fct, die Pferde und das Team!","potentialAction":[{"@type":"SearchAction","target":{"@type":"EntryPoint","urlTemplate":"http:\/\/www.gestuet-nymphenburg.de\/?s={search_term_string}"},"query-input":"required name=search_term_string"}],"inLanguage":"en-US"},{"@type":"WebPage","@id":"http:\/\/www.gestuet-nymphenburg.de\/en\/partner\/#webpage","url":"http:\/\/www.gestuet-nymphenburg.de\/en\/partner\/","name":"Partner - Gest\u00fct Nymphenburg","isPartOf":{"@id":"http:\/\/www.gestuet-nymphenburg.de\/#website"},"datePublished":"2016-01-07T20:10:27+00:00","dateModified":"2021-11-12T10:43:57+00:00","breadcrumb":{"@id":"http:\/\/www.gestuet-nymphenburg.de\/en\/partner\/#breadcrumb"},"inLanguage":"en-US","potentialAction":[{"@type":"ReadAction","target":["http:\/\/www.gestuet-nymphenburg.de\/en\/partner\/"]}]},{"@type":"BreadcrumbList","@id":"http:\/\/www.gestuet-nymphenburg.de\/en\/partner\/#breadcrumb","itemListElement":[{"@type":"ListItem","position":1,"name":"Home","item":"http:\/\/www.gestuet-nymphenburg.de\/en\/"},{"@type":"ListItem","position":2,"name":"Partner"}]}]}},"_links":{"self":[{"href":"http:\/\/www.gestuet-nymphenburg.de\/en\/wp-json\/wp\/v2\/pages\/1702"}],"collection":[{"href":"http:\/\/www.gestuet-nymphenburg.de\/en\/wp-json\/wp\/v2\/pages"}],"about":[{"href":"http:\/\/www.gestuet-nymphenburg.de\/en\/wp-json\/wp\/v2\/types\/page"}],"author":[{"embeddable":true,"href":"http:\/\/www.gestuet-nymphenburg.de\/en\/wp-json\/wp\/v2\/users\/5"}],"replies":[{"embeddable":true,"href":"http:\/\/www.gestuet-nymphenburg.de\/en\/wp-json\/wp\/v2\/comments?post=1702"}],"version-history":[{"count":4,"href":"http:\/\/www.gestuet-nymphenburg.de\/en\/wp-json\/wp\/v2\/pages\/1702\/revisions"}],"predecessor-version":[{"id":4203,"href":"http:\/\/www.gestuet-nymphenburg.de\/en\/wp-json\/wp\/v2\/pages\/1702\/revisions\/4203"}],"wp:attachment":[{"href":"http:\/\/www.gestuet-nymphenburg.de\/en\/wp-json\/wp\/v2\/media?parent=1702"}],"curies":[{"name":"wp","href":"https:\/\/api.w.org\/{rel}","templated":true}]}}