{"id":3244,"date":"2021-05-20T14:49:44","date_gmt":"2021-05-20T12:49:44","guid":{"rendered":"http:\/\/www.gestuet-nymphenburg.de\/en\/?page_id=3244"},"modified":"2021-11-16T13:56:44","modified_gmt":"2021-11-16T12:56:44","slug":"freiherr-von-nymphenburg","status":"publish","type":"page","link":"http:\/\/www.gestuet-nymphenburg.de\/en\/for-sale\/freiherr-von-nymphenburg\/","title":{"rendered":"Freiherr von Nymphenburg"},"content":{"rendered":"<section class=\"l-section wpb_row height_medium\"><div class=\"l-section-h i-cf\"><div class=\"g-cols via_grid cols_1-3 laptops-cols_inherit tablets-cols_inherit mobiles-cols_1 valign_top type_default\"><div class=\"wpb_column vc_column_container verstidecol\"><div class=\"vc_column-inner\"><h2 class=\"w-text us_custom_f38b17b2 has_text_color\"><span class=\"w-text-h\"><span class=\"w-text-value\">VERKAUF<\/span><\/span><\/h2>[vc_wp_custommenu nav_menu=&#8221;14&#8243; el_class=&#8221;us_custom_7e5158f4&#8243;]<\/div><\/div><div class=\"wpb_column vc_column_container versrighttidecol\"><div class=\"vc_column-inner\"><h2 class=\"w-text us_custom_5be6e9e9 has_text_color\"><span class=\"w-text-h\"><span class=\"w-text-value\">Freiherr von Nymphenburg<\/span><\/span><\/h2><div class=\"ult-spacer spacer-69ec6542a3354\" data-id=\"69ec6542a3354\" data-height=\"10\" data-height-mobile=\"10\" data-height-tab=\"10\" data-height-tab-portrait=\"\" data-height-mobile-landscape=\"\" style=\"clear:both;display:block;\"><\/div><div class=\"ult-spacer spacer-69ec6542a3378\" data-id=\"69ec6542a3378\" data-height=\"20\" data-height-mobile=\"20\" data-height-tab=\"20\" data-height-tab-portrait=\"\" data-height-mobile-landscape=\"\" style=\"clear:both;display:block;\"><\/div>[vc_raw_html]\n<p>JTNDaW1nJTIwc3R5bGUlM0QlMjJoZWlnaHQlM0E1MHB4JTNCJTIwd2lkdGglM0E1MHB4JTNCJTIwbWFyZ2luJTNBMTBweCUzQiUyMGZsb2F0JTNBbGVmdCUzQiUyMiUyMHNyYyUzRCUyMiUyRi4uJTJGLi4lMkZ3cC1jb250ZW50JTJGdXBsb2FkcyUyRjIwMTglMkYwMyUyRk9sZGVuYnVyZ19CcmFuZHplaWNoZW5fcXVhZF9jb2wxLnBuZyUyMiUyMCUyRiUzRSUwQSUzQ3AlM0VPbGRlbmJ1cmdlciUyQyUyMER1bmtlbGJyYXVuJTJDJTIwJTJBMjAxNSUyQyUyMFN0b2NrbWElQzMlOUYlMjAxNjklMjBjbSUzQ2JyJTIwJTJGJTNFJTBBWiVDMyVCQ2NodGVyJTNBJTIwU3dpc3MlMjBIb3JzZSUyME1hbmFnZW1lbnQlMjBBRyUzQ2JyJTIwJTJGJTNFJTNDJTJGcCUzRSUwQSUzQ3AlMjBzdHlsZSUzRCUyMmNsZWFyJTNBJTIwYm90aCUzQiUyMiUzRVN0YW5kb3J0JTNBJTIwR2VzdCVDMyVCQ3QlMjBOeW1waGVuYnVyZyUyQyUyMHp1JTIwYmV6aWVoZW4lMjAlQzMlQkNiZXIlMjBHZXN0JUMzJUJDdCUyME55bXBoZW5idXJnJTIwJTI4RGVja3N0YXRpb24lM0ElMjBGcmF1JTIwQmlydGUlMjBEaWNrZSUyQyUyMCUyQjQ5JTIwJTI4MCUyOSUyMDQ0MDMlMjA5ODAwMjIlMjklMjAlM0MlMkZwJTNFJTBBRGVja3RheGUlM0ElMjAlRTIlODIlQUMlMjAzMDAlMkMtJTIwYmVpJTIwZXJzdGVyJTIwQmVzYW11bmcuJTIwJUUyJTgyJUFDJTIwNTAwJTJDLSUyMGJlaSUyMFRyJUMzJUE0Y2h0aWdrZWl0LiUyMEJlaSUyMFZvcmthc3NlJTIwJUUyJTgyJUFDJTIwNjAwJTJDLS4lM0NzdXAlM0UxJTNDJTJGc3VwJTNF<\/p>\n[\/vc_raw_html]<div class=\"ult-spacer spacer-69ec6542a3395\" data-id=\"69ec6542a3395\" data-height=\"20\" data-height-mobile=\"20\" data-height-tab=\"20\" data-height-tab-portrait=\"\" data-height-mobile-landscape=\"\" style=\"clear:both;display:block;\"><\/div><div class=\"ult-spacer spacer-69ec6542a33b1\" data-id=\"69ec6542a33b1\" data-height=\"20\" data-height-mobile=\"20\" data-height-tab=\"20\" data-height-tab-portrait=\"\" data-height-mobile-landscape=\"\" style=\"clear:both;display:block;\"><\/div><div class=\"wpb_text_column\"><div class=\"wpb_wrapper\"><p>[vc_raw_html]<\/p>\n<p>JTNDZGl2JTIwY2xhc3MlM0QlMjJhYnN0YW1tdW5nJTIyJTNFJTBBJTNDdGFibGUlM0UlMEElMDklM0N0ciUzRSUzQ3RkJTIwcm93c3BhbiUzRCUyMjQlMjIlM0UlM0NzdHJvbmclM0VGb2xsb3clMjBNZSUzQyUyRnN0cm9uZyUzRSUzQyUyRnRkJTNFJTNDdGQlMjByb3dzcGFuJTNEJTIyMiUyMiUzRUYlQzMlQkNyc3RlbmJhbGwlM0MlMkZ0ZCUzRSUzQ3RkJTNFRiVDMyVCQ3JzdCUyMEhlaW5yaWNoJTNDJTJGdGQlM0UlM0MlMkZ0ciUzRSUwQSUwOSUzQ3RyJTNFJTNDdGQlM0VNYXJhZG9ubmElM0MlMkZ0ZCUzRSUzQyUyRnRyJTNFJTBBJTA5JTNDdHIlM0UlM0N0ZCUyMHJvd3NwYW4lM0QlMjIyJTIyJTNFQ2FyaWFuYSUzQyUyRnRkJTNFJTNDdGQlM0VEb25uZXJzY2h3ZWUlM0MlMkZ0ZCUzRSUzQyUyRnRyJTNFJTBBJTA5JTNDdHIlM0UlM0N0ZCUzRUNhbGFpZGElM0MlMkZ0ZCUzRSUzQyUyRnRyJTNFJTBBJTA5JTNDdHIlM0UlM0N0ZCUyMHJvd3NwYW4lM0QlMjI0JTIyJTIwY2xhc3MlM0QlMjJuby1ib3JkZXIlMjIlM0VFbG1pcmElM0MlMkZ0ZCUzRSUzQ3RkJTIwcm93c3BhbiUzRCUyMjIlMjIlM0UlM0NzdHJvbmclM0VTaXIlMjBEb25uZXJoYWxsJTIwSSUzQyUyRnN0cm9uZyUzRSUzQyUyRnRkJTNFJTNDdGQlM0VTYW5kcm8lMjBIaXQlM0MlMkZ0ZCUzRSUzQyUyRnRyJTNFJTBBJTA5JTNDdHIlM0UlM0N0ZCUzRUNvbnRlbmFuY2UlMjBEJTNDJTJGdGQlM0UlM0MlMkZ0ciUzRSUwQSUwOSUzQ3RyJTNFJTNDdGQlMjByb3dzcGFuJTNEJTIyMiUyMiUyMGNsYXNzJTNEJTIybm8tYm9yZGVyJTIyJTNFRWRvc3RlJTNDJTJGdGQlM0UlM0N0ZCUzRUZsb3JpZW5jaW8lMjBJJTNDJTJGdGQlM0UlM0MlMkZ0ciUzRSUwQSUwOSUzQ3RyJTNFJTNDdGQlMjBjbGFzcyUzRCUyMm5vLWJvcmRlciUyMiUzRUV2aXRhJTNDJTJGdGQlM0UlM0MlMkZ0ciUzRSUwQSUzQyUyRnRhYmxlJTNFJTBBJTNDJTJGZGl2JTNF<\/p>\n<p>[\/vc_raw_html]<\/p>\n<\/div><\/div><div class=\"ult-spacer spacer-69ec6542a36d9\" data-id=\"69ec6542a36d9\" data-height=\"20\" data-height-mobile=\"20\" data-height-tab=\"20\" data-height-tab-portrait=\"\" data-height-mobile-landscape=\"\" style=\"clear:both;display:block;\"><\/div><div class=\"wpb_text_column\"><div class=\"wpb_wrapper\"><p>Herausragender Pr\u00e4mienhengst der Hauptk\u00f6rung in M\u00fcnster Handorf 2017.<\/p>\n<p>Exterieur, Bewegungsdynamik und Elastizit\u00e4t lassen keine W\u00fcnsche offen.<\/p>\n<p>Er stammt aus einem der besten Oldenburger Mutterst\u00e4mme, die die derzeitige Zucht kennt, der Stamm der Edoste. Eine Vielzahl von herausragenden Pferden in Zucht und Sport hat dieser Mutterstamm bereits hervor gebracht.<\/p>\n<\/div><\/div><div class=\"ult-spacer spacer-69ec6542a3852\" data-id=\"69ec6542a3852\" data-height=\"20\" data-height-mobile=\"20\" data-height-tab=\"20\" data-height-tab-portrait=\"\" data-height-mobile-landscape=\"\" style=\"clear:both;display:block;\"><\/div><div class=\"wpb_text_column\"><div class=\"wpb_wrapper\"><div id=\"ult-video-banner-284398231069ec6542a3b18\" class=\" ult-video-banner ult-vdo-effect ult-vdo-effect-style1 utl-video-banner-item ult-responsive\"  data-ultimate-target='#ult-video-banner-284398231069ec6542a3b18'  data-responsive-json-new='{\"width\":\"\"}'  data-current-time=\"0\" data-placeholder=\"\" style=\"\"><video autoplay loop  poster=\"\"><source src=\"http:\/\/www.gestuet-nymphenburg.de\/wp-content\/Freiherr_von_Nymphenburg.mp4\" type=\"video\/mp4\">Your browser does not support the video tag.<\/video><div class=\"ult-video-banner-overlay\" data-overlay=\"\" data-overlay-hover=\"\"><\/div><\/div>\n<\/div><\/div><div class=\"evc-image-gallery evc-shortcode evc-element-has-columns  evc-ig-grid-type evc-three-columns evc-normal-space  \">\n\t<div class=\"evc-ig-wrapper evc-element-wrapper\">\n\t\t\t\t\t<div class=\"evc-ig-image-item evc-element-item\">\n\t\t\t\t<div class=\"evc-ig-image evc-ib-lightbox\">\n\t\t\t\t\t\t\t\t\t\t\n\t\t\t\t\t\t\t\t\t\t\t<a class=\"evc-ig-lightbox\" href=\"http:\/\/www.gestuet-nymphenburg.de\/wp-content\/uploads\/2018\/03\/Freiherr-von-Nymphenburg.jpg\" data-lightbox=\"evc-ig-lb-8950\" data-title=\"Freiherr von Nymphenburg\">\n\t\t\t\t\t\t\t\t\t\t\n\t\t\t\t\t<img src=\"http:\/\/www.gestuet-nymphenburg.de\/wp-content\/uploads\/2018\/03\/Freiherr-von-Nymphenburg-400x400.jpg\" alt=\"\" width=\"400\" height=\"400\" \/>\t\t\t\t\t\n\t\t\t\t\t\t\t\t\t\t\t<\/a>\n\t\t\t\t\t\t\t\t\t<\/div>\n\t\t\t<\/div>\n\t\t\t\t\t<div class=\"evc-ig-image-item evc-element-item\">\n\t\t\t\t<div class=\"evc-ig-image evc-ib-lightbox\">\n\t\t\t\t\t\t\t\t\t\t\n\t\t\t\t\t\t\t\t\t\t\t<a class=\"evc-ig-lightbox\" href=\"http:\/\/www.gestuet-nymphenburg.de\/wp-content\/uploads\/2018\/03\/Freiherr-von-Nymphenburg-2.jpg\" data-lightbox=\"evc-ig-lb-8950\" data-title=\"Freiherr von Nymphenburg 2\">\n\t\t\t\t\t\t\t\t\t\t\n\t\t\t\t\t<img src=\"http:\/\/www.gestuet-nymphenburg.de\/wp-content\/uploads\/2018\/03\/Freiherr-von-Nymphenburg-2-400x400.jpg\" alt=\"\" width=\"400\" height=\"400\" \/>\t\t\t\t\t\n\t\t\t\t\t\t\t\t\t\t\t<\/a>\n\t\t\t\t\t\t\t\t\t<\/div>\n\t\t\t<\/div>\n\t\t\t<\/div>\n<\/div>\n<div class=\"wpb_text_column\"><div class=\"wpb_wrapper\"><p><sup>1<\/sup> Irrt\u00fcmer vorbehalten, es gelten die Allgemeinen Gesch\u00e4ftsbedingungen und die Konditionen des Hengstkataloges 2018.<\/p>\n<\/div><\/div><\/div><\/div><\/div><\/div><\/section>\n","protected":false},"excerpt":{"rendered":"VERKAUF[vc_wp_custommenu nav_menu=\"14\" el_class=\"us_custom_7e5158f4\"]Freiherr von Nymphenburg[vc_raw_html] JTNDaW1nJTIwc3R5bGUlM0QlMjJoZWlnaHQlM0E1MHB4JTNCJTIwd2lkdGglM0E1MHB4JTNCJTIwbWFyZ2luJTNBMTBweCUzQiUyMGZsb2F0JTNBbGVmdCUzQiUyMiUyMHNyYyUzRCUyMiUyRi4uJTJGLi4lMkZ3cC1jb250ZW50JTJGdXBsb2FkcyUyRjIwMTglMkYwMyUyRk9sZGVuYnVyZ19CcmFuZHplaWNoZW5fcXVhZF9jb2wxLnBuZyUyMiUyMCUyRiUzRSUwQSUzQ3AlM0VPbGRlbmJ1cmdlciUyQyUyMER1bmtlbGJyYXVuJTJDJTIwJTJBMjAxNSUyQyUyMFN0b2NrbWElQzMlOUYlMjAxNjklMjBjbSUzQ2JyJTIwJTJGJTNFJTBBWiVDMyVCQ2NodGVyJTNBJTIwU3dpc3MlMjBIb3JzZSUyME1hbmFnZW1lbnQlMjBBRyUzQ2JyJTIwJTJGJTNFJTNDJTJGcCUzRSUwQSUzQ3AlMjBzdHlsZSUzRCUyMmNsZWFyJTNBJTIwYm90aCUzQiUyMiUzRVN0YW5kb3J0JTNBJTIwR2VzdCVDMyVCQ3QlMjBOeW1waGVuYnVyZyUyQyUyMHp1JTIwYmV6aWVoZW4lMjAlQzMlQkNiZXIlMjBHZXN0JUMzJUJDdCUyME55bXBoZW5idXJnJTIwJTI4RGVja3N0YXRpb24lM0ElMjBGcmF1JTIwQmlydGUlMjBEaWNrZSUyQyUyMCUyQjQ5JTIwJTI4MCUyOSUyMDQ0MDMlMjA5ODAwMjIlMjklMjAlM0MlMkZwJTNFJTBBRGVja3RheGUlM0ElMjAlRTIlODIlQUMlMjAzMDAlMkMtJTIwYmVpJTIwZXJzdGVyJTIwQmVzYW11bmcuJTIwJUUyJTgyJUFDJTIwNTAwJTJDLSUyMGJlaSUyMFRyJUMzJUE0Y2h0aWdrZWl0LiUyMEJlaSUyMFZvcmthc3NlJTIwJUUyJTgyJUFDJTIwNjAwJTJDLS4lM0NzdXAlM0UxJTNDJTJGc3VwJTNF [\/vc_raw_html][vc_raw_html] JTNDZGl2JTIwY2xhc3MlM0QlMjJhYnN0YW1tdW5nJTIyJTNFJTBBJTNDdGFibGUlM0UlMEElMDklM0N0ciUzRSUzQ3RkJTIwcm93c3BhbiUzRCUyMjQlMjIlM0UlM0NzdHJvbmclM0VGb2xsb3clMjBNZSUzQyUyRnN0cm9uZyUzRSUzQyUyRnRkJTNFJTNDdGQlMjByb3dzcGFuJTNEJTIyMiUyMiUzRUYlQzMlQkNyc3RlbmJhbGwlM0MlMkZ0ZCUzRSUzQ3RkJTNFRiVDMyVCQ3JzdCUyMEhlaW5yaWNoJTNDJTJGdGQlM0UlM0MlMkZ0ciUzRSUwQSUwOSUzQ3RyJTNFJTNDdGQlM0VNYXJhZG9ubmElM0MlMkZ0ZCUzRSUzQyUyRnRyJTNFJTBBJTA5JTNDdHIlM0UlM0N0ZCUyMHJvd3NwYW4lM0QlMjIyJTIyJTNFQ2FyaWFuYSUzQyUyRnRkJTNFJTNDdGQlM0VEb25uZXJzY2h3ZWUlM0MlMkZ0ZCUzRSUzQyUyRnRyJTNFJTBBJTA5JTNDdHIlM0UlM0N0ZCUzRUNhbGFpZGElM0MlMkZ0ZCUzRSUzQyUyRnRyJTNFJTBBJTA5JTNDdHIlM0UlM0N0ZCUyMHJvd3NwYW4lM0QlMjI0JTIyJTIwY2xhc3MlM0QlMjJuby1ib3JkZXIlMjIlM0VFbG1pcmElM0MlMkZ0ZCUzRSUzQ3RkJTIwcm93c3BhbiUzRCUyMjIlMjIlM0UlM0NzdHJvbmclM0VTaXIlMjBEb25uZXJoYWxsJTIwSSUzQyUyRnN0cm9uZyUzRSUzQyUyRnRkJTNFJTNDdGQlM0VTYW5kcm8lMjBIaXQlM0MlMkZ0ZCUzRSUzQyUyRnRyJTNFJTBBJTA5JTNDdHIlM0UlM0N0ZCUzRUNvbnRlbmFuY2UlMjBEJTNDJTJGdGQlM0UlM0MlMkZ0ciUzRSUwQSUwOSUzQ3RyJTNFJTNDdGQlMjByb3dzcGFuJTNEJTIyMiUyMiUyMGNsYXNzJTNEJTIybm8tYm9yZGVyJTIyJTNFRWRvc3RlJTNDJTJGdGQlM0UlM0N0ZCUzRUZsb3JpZW5jaW8lMjBJJTNDJTJGdGQlM0UlM0MlMkZ0ciUzRSUwQSUwOSUzQ3RyJTNFJTNDdGQlMjBjbGFzcyUzRCUyMm5vLWJvcmRlciUyMiUzRUV2aXRhJTNDJTJGdGQlM0UlM0MlMkZ0ciUzRSUwQSUzQyUyRnRhYmxlJTNFJTBBJTNDJTJGZGl2JTNF [\/vc_raw_html] Herausragender Pr\u00e4mienhengst der Hauptk\u00f6rung in M\u00fcnster Handorf 2017. Exterieur, Bewegungsdynamik und Elastizit\u00e4t lassen keine W\u00fcnsche offen. Er stammt aus einem der besten Oldenburger Mutterst\u00e4mme, die die derzeitige Zucht kennt, der Stamm der Edoste. Eine Vielzahl von herausragenden Pferden in Zucht und Sport hat dieser Mutterstamm bereits...","protected":false},"author":5,"featured_media":0,"parent":1528,"menu_order":0,"comment_status":"closed","ping_status":"closed","template":"","meta":[],"yoast_head":"<!-- This site is optimized with the Yoast SEO plugin v18.3 - https:\/\/yoast.com\/wordpress\/plugins\/seo\/ -->\n<title>Freiherr von Nymphenburg - Gest\u00fct Nymphenburg<\/title>\n<meta name=\"robots\" content=\"index, follow, max-snippet:-1, max-image-preview:large, max-video-preview:-1\" \/>\n<link rel=\"canonical\" href=\"http:\/\/www.gestuet-nymphenburg.de\/en\/for-sale\/freiherr-von-nymphenburg\/\" \/>\n<meta property=\"og:locale\" content=\"en_US\" \/>\n<meta property=\"og:type\" content=\"article\" \/>\n<meta property=\"og:title\" content=\"Freiherr von Nymphenburg - Gest\u00fct Nymphenburg\" \/>\n<meta property=\"og:url\" content=\"http:\/\/www.gestuet-nymphenburg.de\/en\/for-sale\/freiherr-von-nymphenburg\/\" \/>\n<meta property=\"og:site_name\" content=\"Gest\u00fct Nymphenburg\" \/>\n<meta property=\"article:modified_time\" content=\"2021-11-16T12:56:44+00:00\" \/>\n<meta name=\"twitter:card\" content=\"summary\" \/>\n<meta name=\"twitter:label1\" content=\"Est. reading time\" \/>\n\t<meta name=\"twitter:data1\" content=\"1 minute\" \/>\n<script type=\"application\/ld+json\" class=\"yoast-schema-graph\">{\"@context\":\"https:\/\/schema.org\",\"@graph\":[{\"@type\":\"WebSite\",\"@id\":\"http:\/\/www.gestuet-nymphenburg.de\/#website\",\"url\":\"http:\/\/www.gestuet-nymphenburg.de\/\",\"name\":\"Gest\u00fct Nymphenburg\",\"description\":\"Informationen rund um das Gest\u00fct, die Pferde und das Team!\",\"potentialAction\":[{\"@type\":\"SearchAction\",\"target\":{\"@type\":\"EntryPoint\",\"urlTemplate\":\"http:\/\/www.gestuet-nymphenburg.de\/?s={search_term_string}\"},\"query-input\":\"required name=search_term_string\"}],\"inLanguage\":\"en-US\"},{\"@type\":\"WebPage\",\"@id\":\"http:\/\/www.gestuet-nymphenburg.de\/en\/for-sale\/freiherr-von-nymphenburg\/#webpage\",\"url\":\"http:\/\/www.gestuet-nymphenburg.de\/en\/for-sale\/freiherr-von-nymphenburg\/\",\"name\":\"Freiherr von Nymphenburg - Gest\u00fct Nymphenburg\",\"isPartOf\":{\"@id\":\"http:\/\/www.gestuet-nymphenburg.de\/#website\"},\"datePublished\":\"2021-05-20T12:49:44+00:00\",\"dateModified\":\"2021-11-16T12:56:44+00:00\",\"breadcrumb\":{\"@id\":\"http:\/\/www.gestuet-nymphenburg.de\/en\/for-sale\/freiherr-von-nymphenburg\/#breadcrumb\"},\"inLanguage\":\"en-US\",\"potentialAction\":[{\"@type\":\"ReadAction\",\"target\":[\"http:\/\/www.gestuet-nymphenburg.de\/en\/for-sale\/freiherr-von-nymphenburg\/\"]}]},{\"@type\":\"BreadcrumbList\",\"@id\":\"http:\/\/www.gestuet-nymphenburg.de\/en\/for-sale\/freiherr-von-nymphenburg\/#breadcrumb\",\"itemListElement\":[{\"@type\":\"ListItem\",\"position\":1,\"name\":\"Home\",\"item\":\"http:\/\/www.gestuet-nymphenburg.de\/en\/\"},{\"@type\":\"ListItem\",\"position\":2,\"name\":\"Verkaufspferde\",\"item\":\"http:\/\/www.gestuet-nymphenburg.de\/en\/for-sale\/\"},{\"@type\":\"ListItem\",\"position\":3,\"name\":\"Freiherr von Nymphenburg\"}]}]}<\/script>\n<!-- \/ Yoast SEO plugin. -->","yoast_head_json":{"title":"Freiherr von Nymphenburg - Gest\u00fct Nymphenburg","robots":{"index":"index","follow":"follow","max-snippet":"max-snippet:-1","max-image-preview":"max-image-preview:large","max-video-preview":"max-video-preview:-1"},"canonical":"http:\/\/www.gestuet-nymphenburg.de\/en\/for-sale\/freiherr-von-nymphenburg\/","og_locale":"en_US","og_type":"article","og_title":"Freiherr von Nymphenburg - Gest\u00fct Nymphenburg","og_url":"http:\/\/www.gestuet-nymphenburg.de\/en\/for-sale\/freiherr-von-nymphenburg\/","og_site_name":"Gest\u00fct Nymphenburg","article_modified_time":"2021-11-16T12:56:44+00:00","twitter_card":"summary","twitter_misc":{"Est. reading time":"1 minute"},"schema":{"@context":"https:\/\/schema.org","@graph":[{"@type":"WebSite","@id":"http:\/\/www.gestuet-nymphenburg.de\/#website","url":"http:\/\/www.gestuet-nymphenburg.de\/","name":"Gest\u00fct Nymphenburg","description":"Informationen rund um das Gest\u00fct, die Pferde und das Team!","potentialAction":[{"@type":"SearchAction","target":{"@type":"EntryPoint","urlTemplate":"http:\/\/www.gestuet-nymphenburg.de\/?s={search_term_string}"},"query-input":"required name=search_term_string"}],"inLanguage":"en-US"},{"@type":"WebPage","@id":"http:\/\/www.gestuet-nymphenburg.de\/en\/for-sale\/freiherr-von-nymphenburg\/#webpage","url":"http:\/\/www.gestuet-nymphenburg.de\/en\/for-sale\/freiherr-von-nymphenburg\/","name":"Freiherr von Nymphenburg - Gest\u00fct Nymphenburg","isPartOf":{"@id":"http:\/\/www.gestuet-nymphenburg.de\/#website"},"datePublished":"2021-05-20T12:49:44+00:00","dateModified":"2021-11-16T12:56:44+00:00","breadcrumb":{"@id":"http:\/\/www.gestuet-nymphenburg.de\/en\/for-sale\/freiherr-von-nymphenburg\/#breadcrumb"},"inLanguage":"en-US","potentialAction":[{"@type":"ReadAction","target":["http:\/\/www.gestuet-nymphenburg.de\/en\/for-sale\/freiherr-von-nymphenburg\/"]}]},{"@type":"BreadcrumbList","@id":"http:\/\/www.gestuet-nymphenburg.de\/en\/for-sale\/freiherr-von-nymphenburg\/#breadcrumb","itemListElement":[{"@type":"ListItem","position":1,"name":"Home","item":"http:\/\/www.gestuet-nymphenburg.de\/en\/"},{"@type":"ListItem","position":2,"name":"Verkaufspferde","item":"http:\/\/www.gestuet-nymphenburg.de\/en\/for-sale\/"},{"@type":"ListItem","position":3,"name":"Freiherr von Nymphenburg"}]}]}},"_links":{"self":[{"href":"http:\/\/www.gestuet-nymphenburg.de\/en\/wp-json\/wp\/v2\/pages\/3244"}],"collection":[{"href":"http:\/\/www.gestuet-nymphenburg.de\/en\/wp-json\/wp\/v2\/pages"}],"about":[{"href":"http:\/\/www.gestuet-nymphenburg.de\/en\/wp-json\/wp\/v2\/types\/page"}],"author":[{"embeddable":true,"href":"http:\/\/www.gestuet-nymphenburg.de\/en\/wp-json\/wp\/v2\/users\/5"}],"replies":[{"embeddable":true,"href":"http:\/\/www.gestuet-nymphenburg.de\/en\/wp-json\/wp\/v2\/comments?post=3244"}],"version-history":[{"count":5,"href":"http:\/\/www.gestuet-nymphenburg.de\/en\/wp-json\/wp\/v2\/pages\/3244\/revisions"}],"predecessor-version":[{"id":4395,"href":"http:\/\/www.gestuet-nymphenburg.de\/en\/wp-json\/wp\/v2\/pages\/3244\/revisions\/4395"}],"up":[{"embeddable":true,"href":"http:\/\/www.gestuet-nymphenburg.de\/en\/wp-json\/wp\/v2\/pages\/1528"}],"wp:attachment":[{"href":"http:\/\/www.gestuet-nymphenburg.de\/en\/wp-json\/wp\/v2\/media?parent=3244"}],"curies":[{"name":"wp","href":"https:\/\/api.w.org\/{rel}","templated":true}]}}