{"id":4166,"date":"2021-11-11T13:56:08","date_gmt":"2021-11-11T12:56:08","guid":{"rendered":"http:\/\/www.gestuet-nymphenburg.de\/hengste\/nymphenburgs-finest-ampere-2\/"},"modified":"2021-11-11T13:56:26","modified_gmt":"2021-11-11T12:56:26","slug":"nymphenburgs-finest-ampere-2","status":"publish","type":"page","link":"http:\/\/www.gestuet-nymphenburg.de\/en\/hengste\/nymphenburgs-finest-ampere-2\/","title":{"rendered":"Nymphenburg&#8217;s Finest Ampere"},"content":{"rendered":"<section class=\"l-section wpb_row height_medium\"><div class=\"l-section-h i-cf\"><div class=\"g-cols via_grid cols_1-3 laptops-cols_inherit tablets-cols_inherit mobiles-cols_1 valign_top type_default\"><div class=\"wpb_column vc_column_container hestidecol\"><div class=\"vc_column-inner\"><h2 class=\"w-text us_custom_f38b17b2 has_text_color\"><span class=\"w-text-h\"><span class=\"w-text-value\">STALLIONS<\/span><\/span><\/h2>[vc_wp_custommenu nav_menu=&#8221;4&#8243; el_class=&#8221;us_custom_7e5158f4&#8243;]<\/div><\/div><div class=\"wpb_column vc_column_container\"><div class=\"vc_column-inner\"><div class=\"w-text us_custom_5be6e9e9 has_text_color\"><span class=\"w-text-h\"><span class=\"w-text-value\">Nymphenburg\u2019s Finest Ampere<\/span><\/span><\/div><div class=\"ult-spacer spacer-69ec4d841351b\" data-id=\"69ec4d841351b\" data-height=\"10\" data-height-mobile=\"10\" data-height-tab=\"10\" data-height-tab-portrait=\"\" data-height-mobile-landscape=\"\" style=\"clear:both;display:block;\"><\/div>[vc_raw_html]\n<p>PGltZyBzdHlsZT0iaGVpZ2h0OjUwcHg7IHdpZHRoOjUwcHg7IG1hcmdpbjoxMHB4OyBmbG9hdDpsZWZ0OyIgc3JjPSIvLi4vLi4vd3AtY29udGVudC91cGxvYWRzLzIwMTUvMDYvSGFubm92ZXJhbmVyX0JyYW5kemVpY2hlbl9xdWFkX2NvbDEucG5nIiAvPg0KPHA+SGFubm92ZXJhbmVyIEhlbmdzdCwgRHVua2VsYnJhdW4sICoyMDE0LCBTdG9ja21hw58gMTY4IGNtPGJyIC8+DQpaw7xjaHRlcjogVGhvbWFzIEhldWVyLCBCaWVuZW5iw7x0dGVsPGJyIC8+DQo8cCBzdHlsZT0iY2xlYXI6IGJvdGg7Ij5TdGFuZG9ydDogR2VzdMO8dCBOeW1waGVuYnVyZywgenUgYmV6aWVoZW4gw7xiZXIgR2VzdMO8dCBOeW1waGVuYnVyZyAoRGVja3N0YXRpb246IEZyYXUgQmlydGUgRGlja2UsICs0OSAoMCkgNDQwMyA5ODAwMjIpIDwvcD4NCkRlY2t0YXhlOiDigqwgMzAwLC0gYmVpIGVyc3RlciBCZXNhbXVuZywg4oKsIDQwMCwtIGJlaSBUcsOkY2h0aWdrZWl0LCBiZWkgVm9ya2Fzc2Ug4oKsIDUwMCwtPHN1cD4xPC9zdXA+LjxiciAvPg0KPHA+WnVnZWxhc3NlbiBmw7xyOiBIYW5ub3ZlciwgUmhlaW5sYW5kIHVuZCBXZXN0ZmFsZW4gdW5kIGFsbGUgc8O8ZGR0LiBWZXJiw6RuZGU=<\/p>\n[\/vc_raw_html]<div class=\"w-image align_center\"><a href=\"http:\/\/www.gestuet-nymphenburg.de\/wp-content\/uploads\/2017\/03\/330-1486633069.jpg\" ref=\"magnificPopup\" aria-label=\"Link\" class=\"w-image-h\"><img width=\"327\" height=\"490\" src=\"http:\/\/www.gestuet-nymphenburg.de\/wp-content\/uploads\/2017\/03\/330-1486633069.jpg\" class=\"attachment-large size-large\" alt=\"\" loading=\"lazy\" \/><\/a><\/div>[vc_raw_html css=&#8221;%7B%22default%22%3A%7B%22padding-left%22%3A%2220px%22%2C%22padding-top%22%3A%2220px%22%2C%22padding-bottom%22%3A%2220px%22%2C%22padding-right%22%3A%2220px%22%7D%7D&#8221;]PGRpdiBjbGFzcz0iYWJzdGFtbXVuZyI+DQo8dGFibGU+DQoJPHRyPjx0ZCByb3dzcGFuPSI0Ij48c3Ryb25nPkFtcGVyZTwvc3Ryb25nPjwvdGQ+PHRkIHJvd3NwYW49IjIiPlJvdXNzZWF1PC90ZD48dGQ+RmVycm88L3RkPjwvdHI+DQoJPHRyPjx0ZD5ac3V6c2E8L3RkPjwvdHI+DQoJPHRyPjx0ZCByb3dzcGFuPSIyIj5MYXJpdm9sYTwvdGQ+PHRkPkZsZW1taW5naDwvdGQ+PC90cj4NCgk8dHI+PHRkPkZhcml2b2xhPC90ZD48L3RyPg0KCTx0cj48dGQgcm93c3Bhbj0iNCIgY2xhc3M9Im5vLWJvcmRlciI+RGVsaWNpYTwvdGQ+PHRkIHJvd3NwYW49IjIiPjxzdHJvbmc+RGUgTmlybzwvc3Ryb25nPjwvdGQ+PHRkPkRvbm5lcmhhbGw8L3RkPjwvdHI+DQoJPHRyPjx0ZD5BbGljYW50ZTwvdGQ+PC90cj4NCgk8dHI+PHRkIHJvd3NwYW49IjIiIGNsYXNzPSJuby1ib3JkZXIiPkMnRXN0IGxhIFZpZTwvdGQ+PHRkPkNhbHlwc28gSUk8L3RkPjwvdHI+DQoJPHRyPjx0ZCBjbGFzcz0ibm8tYm9yZGVyIj5HcsOkZmluIEdhbGluYTwvdGQ+PC90cj4NCjwvdGFibGU+DQo8L2Rpdj4=[\/vc_raw_html]<div class=\"g-cols wpb_row via_grid cols_2 laptops-cols_inherit tablets-cols_inherit mobiles-cols_1 valign_top type_default\"><div class=\"wpb_column vc_column_container\"><div class=\"vc_column-inner\"><div class=\"wpb_text_column\"><div class=\"wpb_wrapper\"><p>Besonders beachteter Junghengst der hannoverschen Nachk\u00f6rung in Verden<\/p>\n<p>Optik und K\u00f6rperbau adeln ihn in besonderer Weise<\/p>\n<\/div><\/div><\/div><\/div><div class=\"wpb_column vc_column_container\"><div class=\"vc_column-inner\"><div class=\"wpb_text_column\"><div class=\"wpb_wrapper\"><div class=\"g-cols wpb_row offset_wide\">\n<div class=\"one-half\">\n<div class=\"wpb_text_column \">\n<div class=\"wpb_wrapper\">\n<p>Traumhafte Blutf\u00fchrung mit dem ehemaligen KWPN Siegerhengst als Vater und einem abgesicherten Mutterstamm mit dem Welt Dressurhengst De Niro und dem f\u00fcr die hohe Versammlung gebendem Holsteiner Blut.<\/p>\n<\/div>\n<\/div>\n<\/div>\n<\/div>\n<div class=\"g-cols wpb_row offset_wide\">\n<div class=\"full-width\"><\/div>\n<\/div>\n<\/div><\/div><\/div><\/div><\/div><div class=\"wpb_text_column\"><div class=\"wpb_wrapper\"><div id=\"ult-video-banner-355406073469ec4d8414e38\" class=\" ult-video-banner ult-vdo-effect ult-vdo-effect-style1 utl-video-banner-item ult-responsive\"  data-ultimate-target='#ult-video-banner-355406073469ec4d8414e38'  data-responsive-json-new='{\"width\":\"\"}'  data-current-time=\"0\" data-placeholder=\"\" style=\"\"><video autoplay loop  poster=\"\"><source src=\"http:\/\/www.gestuet-nymphenburg.de\/wp-content\/Nymphenburgs_Finest_Ampere.mp4\" type=\"video\/mp4\">Your browser does not support the video tag.<\/video><div class=\"ult-video-banner-overlay\" data-overlay=\"\" data-overlay-hover=\"\"><\/div><\/div><div class=\"wpb_text_column\"><div class=\"wpb_wrapper\"><\/div><\/div>\n<\/div><\/div><div class=\"ult-spacer spacer-69ec4d8414f9f\" data-id=\"69ec4d8414f9f\" data-height=\"20\" data-height-mobile=\"20\" data-height-tab=\"20\" data-height-tab-portrait=\"\" data-height-mobile-landscape=\"\" style=\"clear:both;display:block;\"><\/div><div class=\"evc-image-gallery evc-shortcode evc-element-has-columns  evc-ig-grid-type evc-two-columns evc-normal-space  \">\n\t<div class=\"evc-ig-wrapper evc-element-wrapper\">\n\t\t\t\t\t<div class=\"evc-ig-image-item evc-element-item\">\n\t\t\t\t<div class=\"evc-ig-image evc-ib-lightbox\">\n\t\t\t\t\t\t\t\t\t\t\n\t\t\t\t\t\t\t\t\t\t\t<a class=\"evc-ig-lightbox\" href=\"http:\/\/www.gestuet-nymphenburg.de\/wp-content\/uploads\/2017\/02\/170217-Nymphenburgs-Finest-Ampere.jpg\" data-lightbox=\"evc-ig-lb-5716\" data-title=\"170217 Nymphenburgs Finest Ampere\">\n\t\t\t\t\t\t\t\t\t\t\n\t\t\t\t\t<img src=\"http:\/\/www.gestuet-nymphenburg.de\/wp-content\/uploads\/2017\/02\/170217-Nymphenburgs-Finest-Ampere-300x300.jpg\" alt=\"\" width=\"300\" height=\"300\" \/>\t\t\t\t\t\n\t\t\t\t\t\t\t\t\t\t\t<\/a>\n\t\t\t\t\t\t\t\t\t<\/div>\n\t\t\t<\/div>\n\t\t\t\t\t<div class=\"evc-ig-image-item evc-element-item\">\n\t\t\t\t<div class=\"evc-ig-image evc-ib-lightbox\">\n\t\t\t\t\t\t\t\t\t\t\n\t\t\t\t\t\t\t\t\t\t\t<a class=\"evc-ig-lightbox\" href=\"http:\/\/www.gestuet-nymphenburg.de\/wp-content\/uploads\/2017\/02\/170217-Nymphenburgs-Finest-Ampere-2.jpg\" data-lightbox=\"evc-ig-lb-5716\" data-title=\"170217 Nymphenburgs Finest Ampere (2)\">\n\t\t\t\t\t\t\t\t\t\t\n\t\t\t\t\t<img src=\"http:\/\/www.gestuet-nymphenburg.de\/wp-content\/uploads\/2017\/02\/170217-Nymphenburgs-Finest-Ampere-2-300x300.jpg\" alt=\"\" width=\"300\" height=\"300\" \/>\t\t\t\t\t\n\t\t\t\t\t\t\t\t\t\t\t<\/a>\n\t\t\t\t\t\t\t\t\t<\/div>\n\t\t\t<\/div>\n\t\t\t<\/div>\n<\/div>\n<div class=\"wpb_text_column\"><div class=\"wpb_wrapper\"><p><sup>1<\/sup> Irrt\u00fcmer vorbehalten, es gelten die Allgemeinen Gesch\u00e4ftsbedingungen und die Konditionen des Hengstkataloges 2018.<\/p>\n<\/div><\/div><\/div><\/div><\/div><\/div><\/section>\n","protected":false},"excerpt":{"rendered":"STALLIONS[vc_wp_custommenu nav_menu=\"4\" el_class=\"us_custom_7e5158f4\"]Nymphenburg\u2019s Finest Ampere[vc_raw_html] PGltZyBzdHlsZT0iaGVpZ2h0OjUwcHg7IHdpZHRoOjUwcHg7IG1hcmdpbjoxMHB4OyBmbG9hdDpsZWZ0OyIgc3JjPSIvLi4vLi4vd3AtY29udGVudC91cGxvYWRzLzIwMTUvMDYvSGFubm92ZXJhbmVyX0JyYW5kemVpY2hlbl9xdWFkX2NvbDEucG5nIiAvPg0KPHA+SGFubm92ZXJhbmVyIEhlbmdzdCwgRHVua2VsYnJhdW4sICoyMDE0LCBTdG9ja21hw58gMTY4IGNtPGJyIC8+DQpaw7xjaHRlcjogVGhvbWFzIEhldWVyLCBCaWVuZW5iw7x0dGVsPGJyIC8+DQo8cCBzdHlsZT0iY2xlYXI6IGJvdGg7Ij5TdGFuZG9ydDogR2VzdMO8dCBOeW1waGVuYnVyZywgenUgYmV6aWVoZW4gw7xiZXIgR2VzdMO8dCBOeW1waGVuYnVyZyAoRGVja3N0YXRpb246IEZyYXUgQmlydGUgRGlja2UsICs0OSAoMCkgNDQwMyA5ODAwMjIpIDwvcD4NCkRlY2t0YXhlOiDigqwgMzAwLC0gYmVpIGVyc3RlciBCZXNhbXVuZywg4oKsIDQwMCwtIGJlaSBUcsOkY2h0aWdrZWl0LCBiZWkgVm9ya2Fzc2Ug4oKsIDUwMCwtPHN1cD4xPC9zdXA+LjxiciAvPg0KPHA+WnVnZWxhc3NlbiBmw7xyOiBIYW5ub3ZlciwgUmhlaW5sYW5kIHVuZCBXZXN0ZmFsZW4gdW5kIGFsbGUgc8O8ZGR0LiBWZXJiw6RuZGU= [\/vc_raw_html][vc_raw_html css=\"%7B%22default%22%3A%7B%22padding-left%22%3A%2220px%22%2C%22padding-top%22%3A%2220px%22%2C%22padding-bottom%22%3A%2220px%22%2C%22padding-right%22%3A%2220px%22%7D%7D\"]PGRpdiBjbGFzcz0iYWJzdGFtbXVuZyI+DQo8dGFibGU+DQoJPHRyPjx0ZCByb3dzcGFuPSI0Ij48c3Ryb25nPkFtcGVyZTwvc3Ryb25nPjwvdGQ+PHRkIHJvd3NwYW49IjIiPlJvdXNzZWF1PC90ZD48dGQ+RmVycm88L3RkPjwvdHI+DQoJPHRyPjx0ZD5ac3V6c2E8L3RkPjwvdHI+DQoJPHRyPjx0ZCByb3dzcGFuPSIyIj5MYXJpdm9sYTwvdGQ+PHRkPkZsZW1taW5naDwvdGQ+PC90cj4NCgk8dHI+PHRkPkZhcml2b2xhPC90ZD48L3RyPg0KCTx0cj48dGQgcm93c3Bhbj0iNCIgY2xhc3M9Im5vLWJvcmRlciI+RGVsaWNpYTwvdGQ+PHRkIHJvd3NwYW49IjIiPjxzdHJvbmc+RGUgTmlybzwvc3Ryb25nPjwvdGQ+PHRkPkRvbm5lcmhhbGw8L3RkPjwvdHI+DQoJPHRyPjx0ZD5BbGljYW50ZTwvdGQ+PC90cj4NCgk8dHI+PHRkIHJvd3NwYW49IjIiIGNsYXNzPSJuby1ib3JkZXIiPkMnRXN0IGxhIFZpZTwvdGQ+PHRkPkNhbHlwc28gSUk8L3RkPjwvdHI+DQoJPHRyPjx0ZCBjbGFzcz0ibm8tYm9yZGVyIj5HcsOkZmluIEdhbGluYTwvdGQ+PC90cj4NCjwvdGFibGU+DQo8L2Rpdj4=[\/vc_raw_html]Besonders beachteter Junghengst der hannoverschen Nachk\u00f6rung in Verden Optik und K\u00f6rperbau adeln ihn in besonderer Weise Traumhafte Blutf\u00fchrung mit dem ehemaligen KWPN Siegerhengst als Vater und einem abgesicherten Mutterstamm mit dem Welt Dressurhengst De Niro und dem f\u00fcr die hohe Versammlung gebendem Holsteiner Blut. Your browser does not...","protected":false},"author":5,"featured_media":0,"parent":1706,"menu_order":0,"comment_status":"closed","ping_status":"closed","template":"","meta":[],"yoast_head":"<!-- This site is optimized with the Yoast SEO plugin v18.3 - https:\/\/yoast.com\/wordpress\/plugins\/seo\/ -->\n<title>Nymphenburg&#039;s Finest Ampere - Gest\u00fct Nymphenburg<\/title>\n<meta name=\"robots\" content=\"index, follow, max-snippet:-1, max-image-preview:large, max-video-preview:-1\" \/>\n<link rel=\"canonical\" href=\"http:\/\/www.gestuet-nymphenburg.de\/en\/hengste\/nymphenburgs-finest-ampere-2\/\" \/>\n<meta property=\"og:locale\" content=\"en_US\" \/>\n<meta property=\"og:type\" content=\"article\" \/>\n<meta property=\"og:title\" content=\"Nymphenburg&#039;s Finest Ampere - Gest\u00fct Nymphenburg\" \/>\n<meta property=\"og:url\" content=\"http:\/\/www.gestuet-nymphenburg.de\/en\/hengste\/nymphenburgs-finest-ampere-2\/\" \/>\n<meta property=\"og:site_name\" content=\"Gest\u00fct Nymphenburg\" \/>\n<meta property=\"article:modified_time\" content=\"2021-11-11T12:56:26+00:00\" \/>\n<meta name=\"twitter:card\" content=\"summary\" \/>\n<meta name=\"twitter:label1\" content=\"Est. reading time\" \/>\n\t<meta name=\"twitter:data1\" content=\"2 minutes\" \/>\n<script type=\"application\/ld+json\" class=\"yoast-schema-graph\">{\"@context\":\"https:\/\/schema.org\",\"@graph\":[{\"@type\":\"WebSite\",\"@id\":\"http:\/\/www.gestuet-nymphenburg.de\/#website\",\"url\":\"http:\/\/www.gestuet-nymphenburg.de\/\",\"name\":\"Gest\u00fct Nymphenburg\",\"description\":\"Informationen rund um das Gest\u00fct, die Pferde und das Team!\",\"potentialAction\":[{\"@type\":\"SearchAction\",\"target\":{\"@type\":\"EntryPoint\",\"urlTemplate\":\"http:\/\/www.gestuet-nymphenburg.de\/?s={search_term_string}\"},\"query-input\":\"required name=search_term_string\"}],\"inLanguage\":\"en-US\"},{\"@type\":\"WebPage\",\"@id\":\"http:\/\/www.gestuet-nymphenburg.de\/en\/hengste\/nymphenburgs-finest-ampere-2\/#webpage\",\"url\":\"http:\/\/www.gestuet-nymphenburg.de\/en\/hengste\/nymphenburgs-finest-ampere-2\/\",\"name\":\"Nymphenburg's Finest Ampere - Gest\u00fct Nymphenburg\",\"isPartOf\":{\"@id\":\"http:\/\/www.gestuet-nymphenburg.de\/#website\"},\"datePublished\":\"2021-11-11T12:56:08+00:00\",\"dateModified\":\"2021-11-11T12:56:26+00:00\",\"breadcrumb\":{\"@id\":\"http:\/\/www.gestuet-nymphenburg.de\/en\/hengste\/nymphenburgs-finest-ampere-2\/#breadcrumb\"},\"inLanguage\":\"en-US\",\"potentialAction\":[{\"@type\":\"ReadAction\",\"target\":[\"http:\/\/www.gestuet-nymphenburg.de\/en\/hengste\/nymphenburgs-finest-ampere-2\/\"]}]},{\"@type\":\"BreadcrumbList\",\"@id\":\"http:\/\/www.gestuet-nymphenburg.de\/en\/hengste\/nymphenburgs-finest-ampere-2\/#breadcrumb\",\"itemListElement\":[{\"@type\":\"ListItem\",\"position\":1,\"name\":\"Home\",\"item\":\"http:\/\/www.gestuet-nymphenburg.de\/en\/\"},{\"@type\":\"ListItem\",\"position\":2,\"name\":\"Stallions\",\"item\":\"http:\/\/www.gestuet-nymphenburg.de\/en\/hengste\/\"},{\"@type\":\"ListItem\",\"position\":3,\"name\":\"Nymphenburg&#8217;s Finest Ampere\"}]}]}<\/script>\n<!-- \/ Yoast SEO plugin. -->","yoast_head_json":{"title":"Nymphenburg's Finest Ampere - Gest\u00fct Nymphenburg","robots":{"index":"index","follow":"follow","max-snippet":"max-snippet:-1","max-image-preview":"max-image-preview:large","max-video-preview":"max-video-preview:-1"},"canonical":"http:\/\/www.gestuet-nymphenburg.de\/en\/hengste\/nymphenburgs-finest-ampere-2\/","og_locale":"en_US","og_type":"article","og_title":"Nymphenburg's Finest Ampere - Gest\u00fct Nymphenburg","og_url":"http:\/\/www.gestuet-nymphenburg.de\/en\/hengste\/nymphenburgs-finest-ampere-2\/","og_site_name":"Gest\u00fct Nymphenburg","article_modified_time":"2021-11-11T12:56:26+00:00","twitter_card":"summary","twitter_misc":{"Est. reading time":"2 minutes"},"schema":{"@context":"https:\/\/schema.org","@graph":[{"@type":"WebSite","@id":"http:\/\/www.gestuet-nymphenburg.de\/#website","url":"http:\/\/www.gestuet-nymphenburg.de\/","name":"Gest\u00fct Nymphenburg","description":"Informationen rund um das Gest\u00fct, die Pferde und das Team!","potentialAction":[{"@type":"SearchAction","target":{"@type":"EntryPoint","urlTemplate":"http:\/\/www.gestuet-nymphenburg.de\/?s={search_term_string}"},"query-input":"required name=search_term_string"}],"inLanguage":"en-US"},{"@type":"WebPage","@id":"http:\/\/www.gestuet-nymphenburg.de\/en\/hengste\/nymphenburgs-finest-ampere-2\/#webpage","url":"http:\/\/www.gestuet-nymphenburg.de\/en\/hengste\/nymphenburgs-finest-ampere-2\/","name":"Nymphenburg's Finest Ampere - Gest\u00fct Nymphenburg","isPartOf":{"@id":"http:\/\/www.gestuet-nymphenburg.de\/#website"},"datePublished":"2021-11-11T12:56:08+00:00","dateModified":"2021-11-11T12:56:26+00:00","breadcrumb":{"@id":"http:\/\/www.gestuet-nymphenburg.de\/en\/hengste\/nymphenburgs-finest-ampere-2\/#breadcrumb"},"inLanguage":"en-US","potentialAction":[{"@type":"ReadAction","target":["http:\/\/www.gestuet-nymphenburg.de\/en\/hengste\/nymphenburgs-finest-ampere-2\/"]}]},{"@type":"BreadcrumbList","@id":"http:\/\/www.gestuet-nymphenburg.de\/en\/hengste\/nymphenburgs-finest-ampere-2\/#breadcrumb","itemListElement":[{"@type":"ListItem","position":1,"name":"Home","item":"http:\/\/www.gestuet-nymphenburg.de\/en\/"},{"@type":"ListItem","position":2,"name":"Stallions","item":"http:\/\/www.gestuet-nymphenburg.de\/en\/hengste\/"},{"@type":"ListItem","position":3,"name":"Nymphenburg&#8217;s Finest Ampere"}]}]}},"_links":{"self":[{"href":"http:\/\/www.gestuet-nymphenburg.de\/en\/wp-json\/wp\/v2\/pages\/4166"}],"collection":[{"href":"http:\/\/www.gestuet-nymphenburg.de\/en\/wp-json\/wp\/v2\/pages"}],"about":[{"href":"http:\/\/www.gestuet-nymphenburg.de\/en\/wp-json\/wp\/v2\/types\/page"}],"author":[{"embeddable":true,"href":"http:\/\/www.gestuet-nymphenburg.de\/en\/wp-json\/wp\/v2\/users\/5"}],"replies":[{"embeddable":true,"href":"http:\/\/www.gestuet-nymphenburg.de\/en\/wp-json\/wp\/v2\/comments?post=4166"}],"version-history":[{"count":5,"href":"http:\/\/www.gestuet-nymphenburg.de\/en\/wp-json\/wp\/v2\/pages\/4166\/revisions"}],"predecessor-version":[{"id":4171,"href":"http:\/\/www.gestuet-nymphenburg.de\/en\/wp-json\/wp\/v2\/pages\/4166\/revisions\/4171"}],"up":[{"embeddable":true,"href":"http:\/\/www.gestuet-nymphenburg.de\/en\/wp-json\/wp\/v2\/pages\/1706"}],"wp:attachment":[{"href":"http:\/\/www.gestuet-nymphenburg.de\/en\/wp-json\/wp\/v2\/media?parent=4166"}],"curies":[{"name":"wp","href":"https:\/\/api.w.org\/{rel}","templated":true}]}}